{"id":1561,"date":"2018-09-10T16:14:25","date_gmt":"2018-09-10T15:14:25","guid":{"rendered":"https:\/\/www.abiasa.es\/aviso-legal\/"},"modified":"2020-07-24T09:47:06","modified_gmt":"2020-07-24T07:47:06","slug":"aviso-legal","status":"publish","type":"page","link":"https:\/\/www.abiasa.es\/en\/aviso-legal\/","title":{"rendered":"Aviso Legal"},"content":{"rendered":"<p>[vc_row][vc_column][vc_empty_space][\/vc_column][\/vc_row][vc_column][\/vc_column][vc_row][vc_column][vc_column_text el_class=&#8221;aviso_legal&#8221;]<\/p>\n<table border=\"0\" width=\"100%\" cellspacing=\"10\" cellpadding=\"0\">\n<tbody>\n<tr>\n<td class=\"texto_verde\"><span class=\"texto_naranja\"><span class=\"texto_naranja\"><strong>Avances <b>Bioqu\u00edmicos<\/b> Alimentaci\u00f3n, S.L.<\/strong><\/span><\/span><\/p>\n<h1 class=\"texto_naranja\">Aviso legal<\/h1>\n<p>Todos los derechos reservados.<\/p>\n<p>Los textos, im\u00e1genes, sonidos, animaciones, v\u00eddeo y resto de contenidos incluidos en este website son propiedad de <b>Avances Bioqu\u00edmicos Alimentaci\u00f3n, S.L.<\/b>, El \u00c1ngel, 1 &#8211; 36715 TUI (Pontevedra).<\/p>\n<p>Cualquier transmisi\u00f3n, distribuci\u00f3n, reproducci\u00f3n, comunicaci\u00f3n p\u00fablica, transformaci\u00f3n, manipulaci\u00f3n o almacenamiento, total o parcial, requiere el previo y expreso consentimiento por escrito de <b>Avances Bioqu\u00edmicos Alimentaci\u00f3n, S.L.<\/b>, (<a class=\"texto_naranja\" href=\"https:\/\/www.abiasa.es\/en\/contact\/\">P\u00e1gina de Contacto<\/a>), salvo cuando se indique lo contrario.<\/p>\n<p>Los logotipos de <b>Avances Bioquim\u00edcos Alimentaci\u00f3n, S.L.<\/b>, as\u00ed como sus nombres comerciales, sus marcas, envases y dem\u00e1s elementos susceptibles de propiedad industrial est\u00e1 registrados por (son propiedad de) <b>Avances Bioqu\u00edmicos Alimentaci\u00f3n, S.L.<\/b>,<\/p>\n<p>Este website puede contener dispositivos t\u00e9nicos de enlace(s) a p\u00e1ginas externas sobre las cuales <b>Avances Bioqu\u00edmicos Alimentaci\u00f3n, S.L.<\/b>, no se responsabiliza en ning\u00fan caso ni respecto de los contenidos ni respecto de cualquier otro aspecto relacionado con dichas p\u00e1ginas o su acceso.<\/p>\n<p><b>Avances Bioqu\u00edmicos Alimentaci\u00f3n, S.L.<\/b> no puede garantizar la ausencia de virus inform\u00e1ticos o de cualquier otro componente o condici\u00f3n perjudicial en nuestras p\u00e1ginas web o en los servidores que los hacen disponibles. <b>Avances Bioqu\u00edmicos Alimentaci\u00f3n, S.L.<\/b>, excluye, con toda la extensi\u00f3n permitida por el ordenamiento jur\u00eddico espa\u00f1ol, cualquier responsabilidad por los da\u00f1os y perjuicios que acompa\u00f1en al o se deriven del uso de estas p\u00e1ginas web.<\/p>\n<p><b>Avances Bioqu\u00edmicos Alimentaci\u00f3n, S.L.<\/b> puede modificar sin previo aviso las caracter\u00edsticas, especificaciones y fotograf\u00edas de sus productos, as\u00ed como cualquier otra informaci\u00f3n aqu\u00ed recogida, y no est\u00e1 sujeta a ninguna garant\u00eda de ning\u00fan tipo.<\/p>\n<p>Toda la informaci\u00f3n y datos descritos en el site han sido extra\u00eddos de fuentes fidedignas y se refieren \u00fanicamente al \u00e1mbito geogr\u00e1fico de Espa\u00f1a. <b>Avances Bioqu\u00edmicos Alimentaci\u00f3n, S.L.<\/b> puede modificar sin previo aviso cualquier informaci\u00f3n aqu\u00ed recogida y esta no est\u00e1 sujeta a ninguna garant\u00eda de ning\u00fan tipo. <b>Avances Bioqu\u00edmicos Alimentaci\u00f3n, S.L.<\/b> no es responsable de cualquier da\u00f1o directo o indirecto que pueda ocasionar la exactitud, veracidad o exhaustividad de dicha informaci\u00f3n, o el uso que de \u00e9l pueda hacerse.<\/p>\n<p>En ning\u00fan caso se entender\u00e1 que, por el acceso a esta web site, el usuario obtiene licencia o autorizaci\u00f3n para la utilizaci\u00f3n, m\u00e1s all\u00e1 del uso estrictamente privado, de ning\u00fan contenido, informaci\u00f3n o servicio existentes en la web site ni sobre ning\u00fan derecho relacionado con ellos, especialmente los de propiedad intelectual e industrial.<\/p>\n<p>El presente aviso legal se rige en todos y cada uno de sus extremos por las leyes espa\u00f1olas.<\/p>\n<p>Los siguientes datos han sido incluidos para dar cumplimiento a la <strong>LSSICE<\/strong> (Ley de Servicios de la Sociedad de la Informaci\u00f3n y el Comercio Electr\u00f3nico).<\/p>\n<p><b>Avances Bioqu\u00edmicos Alimentaci\u00f3n, S.L.<\/b><\/p>\n<p>CIF: B-36114049<\/p>\n<p>Sociedad inscrita en el Registro Mercantil de Pontevedra, Libro 795 de sociedades, Folio 155, Secci\u00f3n 8\u00aa, Hoja PO-10.944, 1\u00aa Inscripci\u00f3n.<\/p>\n<p>Con domicilio en El \u00c1ngel, 1 &#8211; 36715, Tui, Pontevedra, Espa\u00f1a<\/p>\n<p><a class=\"texto_naranja\" href=\"https:\/\/www.abiasa.es\/en\/contact\/\">P\u00e1gina de Contacto<\/a><\/td>\n<\/tr>\n<\/tbody>\n<\/table>\n<p>[\/vc_column_text][\/vc_column][\/vc_row][vc_row][vc_column][vc_empty_space][\/vc_column][\/vc_row]<\/p>\n","protected":false},"excerpt":{"rendered":"<p>[vc_row][vc_column][vc_empty_space][\/vc_column][\/vc_row][vc_column][\/vc_column][vc_row][vc_column][vc_column_text el_class=&#8221;aviso_legal&#8221;] Avances Bioqu\u00edmicos Alimentaci\u00f3n, S.L. Aviso legal Todos los derechos reservados. Los textos, im\u00e1genes, sonidos, animaciones, v\u00eddeo y resto de contenidos incluidos en este website<span class=\"excerpt-hellip\"> [\u2026]<\/span><\/p>\n","protected":false},"author":1,"featured_media":0,"parent":0,"menu_order":0,"comment_status":"closed","ping_status":"closed","template":"","meta":{"footnotes":""},"class_list":["post-1561","page","type-page","status-publish","hentry"],"_links":{"self":[{"href":"https:\/\/www.abiasa.es\/en\/wp-json\/wp\/v2\/pages\/1561","targetHints":{"allow":["GET"]}}],"collection":[{"href":"https:\/\/www.abiasa.es\/en\/wp-json\/wp\/v2\/pages"}],"about":[{"href":"https:\/\/www.abiasa.es\/en\/wp-json\/wp\/v2\/types\/page"}],"author":[{"embeddable":true,"href":"https:\/\/www.abiasa.es\/en\/wp-json\/wp\/v2\/users\/1"}],"replies":[{"embeddable":true,"href":"https:\/\/www.abiasa.es\/en\/wp-json\/wp\/v2\/comments?post=1561"}],"version-history":[{"count":5,"href":"https:\/\/www.abiasa.es\/en\/wp-json\/wp\/v2\/pages\/1561\/revisions"}],"predecessor-version":[{"id":1590,"href":"https:\/\/www.abiasa.es\/en\/wp-json\/wp\/v2\/pages\/1561\/revisions\/1590"}],"wp:attachment":[{"href":"https:\/\/www.abiasa.es\/en\/wp-json\/wp\/v2\/media?parent=1561"}],"curies":[{"name":"wp","href":"https:\/\/api.w.org\/{rel}","templated":true}]}}